{"id":3061,"date":"2021-01-14T15:47:48","date_gmt":"2021-01-14T15:47:48","guid":{"rendered":"https:\/\/devynidrakonai.lt\/pristatymo-informacija\/"},"modified":"2021-07-30T10:43:33","modified_gmt":"2021-07-30T07:43:33","slug":"pristatymo-informacija","status":"publish","type":"page","link":"https:\/\/devynidrakonai.lt\/en\/pristatymo-informacija\/","title":{"rendered":"Delivery"},"content":{"rendered":"\n<p>Vilniaus miesto ribose pristatome valandos b\u0117gyje.<\/p>\n\n\n\n<p>U\u017esisakyti taip pat galima SMS \u017einut\u0117mis, el.pa\u0161tu, Mesenger bei Telegram program\u0117li\u0173 skambu\u010diais, vaizdo skambu\u010diais arba \u017einut\u0117mis.<\/p>\n","protected":false},"excerpt":{"rendered":"<p>Vilniaus miesto ribose pristatome valandos b\u0117gyje. U\u017esisakyti taip pat galima SMS \u017einut\u0117mis, el.pa\u0161tu, Mesenger bei Telegram program\u0117li\u0173 skambu\u010diais, vaizdo skambu\u010diais arba \u017einut\u0117mis.<\/p>\n","protected":false},"author":1,"featured_media":0,"parent":0,"menu_order":0,"comment_status":"closed","ping_status":"closed","template":"","meta":{"_acf_changed":false,"footnotes":""},"class_list":["post-3061","page","type-page","status-publish","hentry"],"acf":[],"yoast_head":"<!-- This site is optimized with the Yoast SEO plugin v25.4 - https:\/\/yoast.com\/wordpress\/plugins\/seo\/ -->\n<title>Delivery - 9 drakonai<\/title>\n<meta name=\"description\" content=\"Vilniaus miesto ribose pristatome valandos b\u0117gyje. U\u017esisakyti taip pat galima SMS \u017einut\u0117mis, el.pa\u0161tu, Mesenger bei Telegram program\u0117li\u0173 skambu\u010diais,\" \/>\n<meta name=\"robots\" content=\"index, follow, max-snippet:-1, max-image-preview:large, max-video-preview:-1\" \/>\n<link rel=\"canonical\" href=\"https:\/\/devynidrakonai.lt\/en\/pristatymo-informacija\/\" \/>\n<meta property=\"og:locale\" content=\"en_US\" \/>\n<meta property=\"og:type\" content=\"article\" \/>\n<meta property=\"og:title\" content=\"Delivery - 9 drakonai\" \/>\n<meta property=\"og:description\" content=\"Vilniaus miesto ribose pristatome valandos b\u0117gyje. U\u017esisakyti taip pat galima SMS \u017einut\u0117mis, el.pa\u0161tu, Mesenger bei Telegram program\u0117li\u0173 skambu\u010diais,\" \/>\n<meta property=\"og:url\" content=\"https:\/\/devynidrakonai.lt\/en\/pristatymo-informacija\/\" \/>\n<meta property=\"og:site_name\" content=\"9 drakonai\" \/>\n<meta property=\"article:publisher\" content=\"https:\/\/www.facebook.com\/9drakonai\" \/>\n<meta property=\"article:modified_time\" content=\"2021-07-30T07:43:33+00:00\" \/>\n<meta property=\"og:image\" content=\"https:\/\/devynidrakonai.lt\/app\/uploads\/2021\/07\/logo.png\" \/>\n\t<meta property=\"og:image:width\" content=\"160\" \/>\n\t<meta property=\"og:image:height\" content=\"160\" \/>\n\t<meta property=\"og:image:type\" content=\"image\/png\" \/>\n<meta name=\"twitter:card\" content=\"summary_large_image\" \/>\n<meta name=\"twitter:label1\" content=\"Est. reading time\" \/>\n\t<meta name=\"twitter:data1\" content=\"1 minute\" \/>\n<script type=\"application\/ld+json\" class=\"yoast-schema-graph\">{\"@context\":\"https:\/\/schema.org\",\"@graph\":[{\"@type\":\"WebPage\",\"@id\":\"https:\/\/devynidrakonai.lt\/en\/pristatymo-informacija\/\",\"url\":\"https:\/\/devynidrakonai.lt\/en\/pristatymo-informacija\/\",\"name\":\"Delivery - 9 drakonai\",\"isPartOf\":{\"@id\":\"https:\/\/devynidrakonai.lt\/en\/#website\"},\"datePublished\":\"2021-01-14T15:47:48+00:00\",\"dateModified\":\"2021-07-30T07:43:33+00:00\",\"description\":\"Vilniaus miesto ribose pristatome valandos b\u0117gyje. U\u017esisakyti taip pat galima SMS \u017einut\u0117mis, el.pa\u0161tu, Mesenger bei Telegram program\u0117li\u0173 skambu\u010diais,\",\"inLanguage\":\"en-US\",\"potentialAction\":[{\"@type\":\"ReadAction\",\"target\":[\"https:\/\/devynidrakonai.lt\/en\/pristatymo-informacija\/\"]}]},{\"@type\":\"WebSite\",\"@id\":\"https:\/\/devynidrakonai.lt\/en\/#website\",\"url\":\"https:\/\/devynidrakonai.lt\/en\/\",\"name\":\"devynidrakonai.lt\",\"description\":\"\",\"publisher\":{\"@id\":\"https:\/\/devynidrakonai.lt\/en\/#organization\"},\"alternateName\":\"9drakonai.lt\",\"potentialAction\":[{\"@type\":\"SearchAction\",\"target\":{\"@type\":\"EntryPoint\",\"urlTemplate\":\"https:\/\/devynidrakonai.lt\/en\/?s={search_term_string}\"},\"query-input\":{\"@type\":\"PropertyValueSpecification\",\"valueRequired\":true,\"valueName\":\"search_term_string\"}}],\"inLanguage\":\"en-US\"},{\"@type\":\"Organization\",\"@id\":\"https:\/\/devynidrakonai.lt\/en\/#organization\",\"name\":\"Devyni drakonai\",\"alternateName\":\"9 Drakonai\",\"url\":\"https:\/\/devynidrakonai.lt\/en\/\",\"logo\":{\"@type\":\"ImageObject\",\"inLanguage\":\"en-US\",\"@id\":\"https:\/\/devynidrakonai.lt\/en\/#\/schema\/logo\/image\/\",\"url\":\"https:\/\/devynidrakonai.lt\/app\/uploads\/2021\/07\/logo.png\",\"contentUrl\":\"https:\/\/devynidrakonai.lt\/app\/uploads\/2021\/07\/logo.png\",\"width\":160,\"height\":160,\"caption\":\"Devyni drakonai\"},\"image\":{\"@id\":\"https:\/\/devynidrakonai.lt\/en\/#\/schema\/logo\/image\/\"},\"sameAs\":[\"https:\/\/www.facebook.com\/9drakonai\"]}]}<\/script>\n<!-- \/ Yoast SEO plugin. -->","yoast_head_json":{"title":"Delivery - 9 drakonai","description":"Vilniaus miesto ribose pristatome valandos b\u0117gyje. U\u017esisakyti taip pat galima SMS \u017einut\u0117mis, el.pa\u0161tu, Mesenger bei Telegram program\u0117li\u0173 skambu\u010diais,","robots":{"index":"index","follow":"follow","max-snippet":"max-snippet:-1","max-image-preview":"max-image-preview:large","max-video-preview":"max-video-preview:-1"},"canonical":"https:\/\/devynidrakonai.lt\/en\/pristatymo-informacija\/","og_locale":"en_US","og_type":"article","og_title":"Delivery - 9 drakonai","og_description":"Vilniaus miesto ribose pristatome valandos b\u0117gyje. U\u017esisakyti taip pat galima SMS \u017einut\u0117mis, el.pa\u0161tu, Mesenger bei Telegram program\u0117li\u0173 skambu\u010diais,","og_url":"https:\/\/devynidrakonai.lt\/en\/pristatymo-informacija\/","og_site_name":"9 drakonai","article_publisher":"https:\/\/www.facebook.com\/9drakonai","article_modified_time":"2021-07-30T07:43:33+00:00","og_image":[{"width":160,"height":160,"url":"https:\/\/devynidrakonai.lt\/app\/uploads\/2021\/07\/logo.png","type":"image\/png"}],"twitter_card":"summary_large_image","twitter_misc":{"Est. reading time":"1 minute"},"schema":{"@context":"https:\/\/schema.org","@graph":[{"@type":"WebPage","@id":"https:\/\/devynidrakonai.lt\/en\/pristatymo-informacija\/","url":"https:\/\/devynidrakonai.lt\/en\/pristatymo-informacija\/","name":"Delivery - 9 drakonai","isPartOf":{"@id":"https:\/\/devynidrakonai.lt\/en\/#website"},"datePublished":"2021-01-14T15:47:48+00:00","dateModified":"2021-07-30T07:43:33+00:00","description":"Vilniaus miesto ribose pristatome valandos b\u0117gyje. U\u017esisakyti taip pat galima SMS \u017einut\u0117mis, el.pa\u0161tu, Mesenger bei Telegram program\u0117li\u0173 skambu\u010diais,","inLanguage":"en-US","potentialAction":[{"@type":"ReadAction","target":["https:\/\/devynidrakonai.lt\/en\/pristatymo-informacija\/"]}]},{"@type":"WebSite","@id":"https:\/\/devynidrakonai.lt\/en\/#website","url":"https:\/\/devynidrakonai.lt\/en\/","name":"devynidrakonai.lt","description":"","publisher":{"@id":"https:\/\/devynidrakonai.lt\/en\/#organization"},"alternateName":"9drakonai.lt","potentialAction":[{"@type":"SearchAction","target":{"@type":"EntryPoint","urlTemplate":"https:\/\/devynidrakonai.lt\/en\/?s={search_term_string}"},"query-input":{"@type":"PropertyValueSpecification","valueRequired":true,"valueName":"search_term_string"}}],"inLanguage":"en-US"},{"@type":"Organization","@id":"https:\/\/devynidrakonai.lt\/en\/#organization","name":"Devyni drakonai","alternateName":"9 Drakonai","url":"https:\/\/devynidrakonai.lt\/en\/","logo":{"@type":"ImageObject","inLanguage":"en-US","@id":"https:\/\/devynidrakonai.lt\/en\/#\/schema\/logo\/image\/","url":"https:\/\/devynidrakonai.lt\/app\/uploads\/2021\/07\/logo.png","contentUrl":"https:\/\/devynidrakonai.lt\/app\/uploads\/2021\/07\/logo.png","width":160,"height":160,"caption":"Devyni drakonai"},"image":{"@id":"https:\/\/devynidrakonai.lt\/en\/#\/schema\/logo\/image\/"},"sameAs":["https:\/\/www.facebook.com\/9drakonai"]}]}},"_links":{"self":[{"href":"https:\/\/devynidrakonai.lt\/en\/wp-json\/wp\/v2\/pages\/3061","targetHints":{"allow":["GET"]}}],"collection":[{"href":"https:\/\/devynidrakonai.lt\/en\/wp-json\/wp\/v2\/pages"}],"about":[{"href":"https:\/\/devynidrakonai.lt\/en\/wp-json\/wp\/v2\/types\/page"}],"author":[{"embeddable":true,"href":"https:\/\/devynidrakonai.lt\/en\/wp-json\/wp\/v2\/users\/1"}],"replies":[{"embeddable":true,"href":"https:\/\/devynidrakonai.lt\/en\/wp-json\/wp\/v2\/comments?post=3061"}],"version-history":[{"count":1,"href":"https:\/\/devynidrakonai.lt\/en\/wp-json\/wp\/v2\/pages\/3061\/revisions"}],"predecessor-version":[{"id":3062,"href":"https:\/\/devynidrakonai.lt\/en\/wp-json\/wp\/v2\/pages\/3061\/revisions\/3062"}],"wp:attachment":[{"href":"https:\/\/devynidrakonai.lt\/en\/wp-json\/wp\/v2\/media?parent=3061"}],"curies":[{"name":"wp","href":"https:\/\/api.w.org\/{rel}","templated":true}]}}