{"id":2834,"date":"2021-01-14T15:47:48","date_gmt":"2021-01-14T15:47:48","guid":{"rendered":"https:\/\/devynidrakonai.lt\/pristatymo-informacija\/"},"modified":"2021-07-28T15:36:50","modified_gmt":"2021-07-28T12:36:50","slug":"pristatymo-informacija","status":"publish","type":"page","link":"https:\/\/devynidrakonai.lt\/ru\/pristatymo-informacija\/","title":{"rendered":"\u0418\u043d\u0444\u043e\u0440\u043c\u0430\u0446\u0438\u044f \u043e \u0434\u043e\u0441\u0442\u0430\u0432\u043a\u0435"},"content":{"rendered":"\n<p>Vilniaus miesto ribose pristatome valandos b\u0117gyje.<\/p>\n\n\n\n<p>U\u017esisakyti taip pat galima SMS \u017einut\u0117mis, el.pa\u0161tu, Mesenger bei Telegram program\u0117li\u0173 skambu\u010diais, vaizdo skambu\u010diais arba \u017einut\u0117mis.<\/p>\n","protected":false},"excerpt":{"rendered":"<p>Vilniaus miesto ribose pristatome valandos b\u0117gyje. U\u017esisakyti taip pat galima SMS \u017einut\u0117mis, el.pa\u0161tu, Mesenger bei Telegram program\u0117li\u0173 skambu\u010diais, vaizdo skambu\u010diais arba \u017einut\u0117mis.<\/p>\n","protected":false},"author":1,"featured_media":0,"parent":0,"menu_order":0,"comment_status":"closed","ping_status":"closed","template":"","meta":{"_acf_changed":false,"footnotes":""},"class_list":["post-2834","page","type-page","status-publish","hentry"],"acf":[],"yoast_head":"<!-- This site is optimized with the Yoast SEO plugin v25.4 - https:\/\/yoast.com\/wordpress\/plugins\/seo\/ -->\n<title>\u0418\u043d\u0444\u043e\u0440\u043c\u0430\u0446\u0438\u044f \u043e \u0434\u043e\u0441\u0442\u0430\u0432\u043a\u0435 - 9 drakonai<\/title>\n<meta name=\"description\" content=\"Vilniaus miesto ribose pristatome valandos b\u0117gyje. U\u017esisakyti taip pat galima SMS \u017einut\u0117mis, el.pa\u0161tu, Mesenger bei Telegram program\u0117li\u0173 skambu\u010diais,\" \/>\n<meta name=\"robots\" content=\"index, follow, max-snippet:-1, max-image-preview:large, max-video-preview:-1\" \/>\n<link rel=\"canonical\" href=\"https:\/\/devynidrakonai.lt\/ru\/pristatymo-informacija\/\" \/>\n<meta property=\"og:locale\" content=\"ru_RU\" \/>\n<meta property=\"og:type\" content=\"article\" \/>\n<meta property=\"og:title\" content=\"\u0418\u043d\u0444\u043e\u0440\u043c\u0430\u0446\u0438\u044f \u043e \u0434\u043e\u0441\u0442\u0430\u0432\u043a\u0435 - 9 drakonai\" \/>\n<meta property=\"og:description\" content=\"Vilniaus miesto ribose pristatome valandos b\u0117gyje. U\u017esisakyti taip pat galima SMS \u017einut\u0117mis, el.pa\u0161tu, Mesenger bei Telegram program\u0117li\u0173 skambu\u010diais,\" \/>\n<meta property=\"og:url\" content=\"https:\/\/devynidrakonai.lt\/ru\/pristatymo-informacija\/\" \/>\n<meta property=\"og:site_name\" content=\"9 drakonai\" \/>\n<meta property=\"article:publisher\" content=\"https:\/\/www.facebook.com\/9drakonai\" \/>\n<meta property=\"article:modified_time\" content=\"2021-07-28T12:36:50+00:00\" \/>\n<meta property=\"og:image\" content=\"https:\/\/devynidrakonai.lt\/app\/uploads\/2021\/07\/logo.png\" \/>\n\t<meta property=\"og:image:width\" content=\"160\" \/>\n\t<meta property=\"og:image:height\" content=\"160\" \/>\n\t<meta property=\"og:image:type\" content=\"image\/png\" \/>\n<meta name=\"twitter:card\" content=\"summary_large_image\" \/>\n<meta name=\"twitter:label1\" content=\"Est. reading time\" \/>\n\t<meta name=\"twitter:data1\" content=\"1 minute\" \/>\n<script type=\"application\/ld+json\" class=\"yoast-schema-graph\">{\"@context\":\"https:\/\/schema.org\",\"@graph\":[{\"@type\":\"WebPage\",\"@id\":\"https:\/\/devynidrakonai.lt\/ru\/pristatymo-informacija\/\",\"url\":\"https:\/\/devynidrakonai.lt\/ru\/pristatymo-informacija\/\",\"name\":\"\u0418\u043d\u0444\u043e\u0440\u043c\u0430\u0446\u0438\u044f \u043e \u0434\u043e\u0441\u0442\u0430\u0432\u043a\u0435 - 9 drakonai\",\"isPartOf\":{\"@id\":\"https:\/\/devynidrakonai.lt\/ru\/#website\"},\"datePublished\":\"2021-01-14T15:47:48+00:00\",\"dateModified\":\"2021-07-28T12:36:50+00:00\",\"description\":\"Vilniaus miesto ribose pristatome valandos b\u0117gyje. U\u017esisakyti taip pat galima SMS \u017einut\u0117mis, el.pa\u0161tu, Mesenger bei Telegram program\u0117li\u0173 skambu\u010diais,\",\"inLanguage\":\"ru-RU\",\"potentialAction\":[{\"@type\":\"ReadAction\",\"target\":[\"https:\/\/devynidrakonai.lt\/ru\/pristatymo-informacija\/\"]}]},{\"@type\":\"WebSite\",\"@id\":\"https:\/\/devynidrakonai.lt\/ru\/#website\",\"url\":\"https:\/\/devynidrakonai.lt\/ru\/\",\"name\":\"devynidrakonai.lt\",\"description\":\"\",\"publisher\":{\"@id\":\"https:\/\/devynidrakonai.lt\/ru\/#organization\"},\"alternateName\":\"9drakonai.lt\",\"potentialAction\":[{\"@type\":\"SearchAction\",\"target\":{\"@type\":\"EntryPoint\",\"urlTemplate\":\"https:\/\/devynidrakonai.lt\/ru\/?s={search_term_string}\"},\"query-input\":{\"@type\":\"PropertyValueSpecification\",\"valueRequired\":true,\"valueName\":\"search_term_string\"}}],\"inLanguage\":\"ru-RU\"},{\"@type\":\"Organization\",\"@id\":\"https:\/\/devynidrakonai.lt\/ru\/#organization\",\"name\":\"Devyni drakonai\",\"alternateName\":\"9 Drakonai\",\"url\":\"https:\/\/devynidrakonai.lt\/ru\/\",\"logo\":{\"@type\":\"ImageObject\",\"inLanguage\":\"ru-RU\",\"@id\":\"https:\/\/devynidrakonai.lt\/ru\/#\/schema\/logo\/image\/\",\"url\":\"https:\/\/devynidrakonai.lt\/app\/uploads\/2021\/07\/logo.png\",\"contentUrl\":\"https:\/\/devynidrakonai.lt\/app\/uploads\/2021\/07\/logo.png\",\"width\":160,\"height\":160,\"caption\":\"Devyni drakonai\"},\"image\":{\"@id\":\"https:\/\/devynidrakonai.lt\/ru\/#\/schema\/logo\/image\/\"},\"sameAs\":[\"https:\/\/www.facebook.com\/9drakonai\"]}]}<\/script>\n<!-- \/ Yoast SEO plugin. -->","yoast_head_json":{"title":"\u0418\u043d\u0444\u043e\u0440\u043c\u0430\u0446\u0438\u044f \u043e \u0434\u043e\u0441\u0442\u0430\u0432\u043a\u0435 - 9 drakonai","description":"Vilniaus miesto ribose pristatome valandos b\u0117gyje. U\u017esisakyti taip pat galima SMS \u017einut\u0117mis, el.pa\u0161tu, Mesenger bei Telegram program\u0117li\u0173 skambu\u010diais,","robots":{"index":"index","follow":"follow","max-snippet":"max-snippet:-1","max-image-preview":"max-image-preview:large","max-video-preview":"max-video-preview:-1"},"canonical":"https:\/\/devynidrakonai.lt\/ru\/pristatymo-informacija\/","og_locale":"ru_RU","og_type":"article","og_title":"\u0418\u043d\u0444\u043e\u0440\u043c\u0430\u0446\u0438\u044f \u043e \u0434\u043e\u0441\u0442\u0430\u0432\u043a\u0435 - 9 drakonai","og_description":"Vilniaus miesto ribose pristatome valandos b\u0117gyje. U\u017esisakyti taip pat galima SMS \u017einut\u0117mis, el.pa\u0161tu, Mesenger bei Telegram program\u0117li\u0173 skambu\u010diais,","og_url":"https:\/\/devynidrakonai.lt\/ru\/pristatymo-informacija\/","og_site_name":"9 drakonai","article_publisher":"https:\/\/www.facebook.com\/9drakonai","article_modified_time":"2021-07-28T12:36:50+00:00","og_image":[{"width":160,"height":160,"url":"https:\/\/devynidrakonai.lt\/app\/uploads\/2021\/07\/logo.png","type":"image\/png"}],"twitter_card":"summary_large_image","twitter_misc":{"Est. reading time":"1 minute"},"schema":{"@context":"https:\/\/schema.org","@graph":[{"@type":"WebPage","@id":"https:\/\/devynidrakonai.lt\/ru\/pristatymo-informacija\/","url":"https:\/\/devynidrakonai.lt\/ru\/pristatymo-informacija\/","name":"\u0418\u043d\u0444\u043e\u0440\u043c\u0430\u0446\u0438\u044f \u043e \u0434\u043e\u0441\u0442\u0430\u0432\u043a\u0435 - 9 drakonai","isPartOf":{"@id":"https:\/\/devynidrakonai.lt\/ru\/#website"},"datePublished":"2021-01-14T15:47:48+00:00","dateModified":"2021-07-28T12:36:50+00:00","description":"Vilniaus miesto ribose pristatome valandos b\u0117gyje. U\u017esisakyti taip pat galima SMS \u017einut\u0117mis, el.pa\u0161tu, Mesenger bei Telegram program\u0117li\u0173 skambu\u010diais,","inLanguage":"ru-RU","potentialAction":[{"@type":"ReadAction","target":["https:\/\/devynidrakonai.lt\/ru\/pristatymo-informacija\/"]}]},{"@type":"WebSite","@id":"https:\/\/devynidrakonai.lt\/ru\/#website","url":"https:\/\/devynidrakonai.lt\/ru\/","name":"devynidrakonai.lt","description":"","publisher":{"@id":"https:\/\/devynidrakonai.lt\/ru\/#organization"},"alternateName":"9drakonai.lt","potentialAction":[{"@type":"SearchAction","target":{"@type":"EntryPoint","urlTemplate":"https:\/\/devynidrakonai.lt\/ru\/?s={search_term_string}"},"query-input":{"@type":"PropertyValueSpecification","valueRequired":true,"valueName":"search_term_string"}}],"inLanguage":"ru-RU"},{"@type":"Organization","@id":"https:\/\/devynidrakonai.lt\/ru\/#organization","name":"Devyni drakonai","alternateName":"9 Drakonai","url":"https:\/\/devynidrakonai.lt\/ru\/","logo":{"@type":"ImageObject","inLanguage":"ru-RU","@id":"https:\/\/devynidrakonai.lt\/ru\/#\/schema\/logo\/image\/","url":"https:\/\/devynidrakonai.lt\/app\/uploads\/2021\/07\/logo.png","contentUrl":"https:\/\/devynidrakonai.lt\/app\/uploads\/2021\/07\/logo.png","width":160,"height":160,"caption":"Devyni drakonai"},"image":{"@id":"https:\/\/devynidrakonai.lt\/ru\/#\/schema\/logo\/image\/"},"sameAs":["https:\/\/www.facebook.com\/9drakonai"]}]}},"_links":{"self":[{"href":"https:\/\/devynidrakonai.lt\/ru\/wp-json\/wp\/v2\/pages\/2834","targetHints":{"allow":["GET"]}}],"collection":[{"href":"https:\/\/devynidrakonai.lt\/ru\/wp-json\/wp\/v2\/pages"}],"about":[{"href":"https:\/\/devynidrakonai.lt\/ru\/wp-json\/wp\/v2\/types\/page"}],"author":[{"embeddable":true,"href":"https:\/\/devynidrakonai.lt\/ru\/wp-json\/wp\/v2\/users\/1"}],"replies":[{"embeddable":true,"href":"https:\/\/devynidrakonai.lt\/ru\/wp-json\/wp\/v2\/comments?post=2834"}],"version-history":[{"count":1,"href":"https:\/\/devynidrakonai.lt\/ru\/wp-json\/wp\/v2\/pages\/2834\/revisions"}],"predecessor-version":[{"id":2835,"href":"https:\/\/devynidrakonai.lt\/ru\/wp-json\/wp\/v2\/pages\/2834\/revisions\/2835"}],"wp:attachment":[{"href":"https:\/\/devynidrakonai.lt\/ru\/wp-json\/wp\/v2\/media?parent=2834"}],"curies":[{"name":"wp","href":"https:\/\/api.w.org\/{rel}","templated":true}]}}